{"id":101638,"date":"2022-10-05T04:46:04","date_gmt":"2022-10-05T04:46:04","guid":{"rendered":"https:\/\/www.vbstk.com\/?page_id=101638"},"modified":"2022-10-05T04:46:04","modified_gmt":"2022-10-05T04:46:04","slug":"statuten","status":"publish","type":"page","link":"https:\/\/www.vbstk.com\/?page_id=101638","title":{"rendered":"Statuten"},"content":{"rendered":"\n<p>STATUTEN des Vereines \u201eFreunde der Vienna Bilingual Schooling Wien 22\u201d<\/p>\n\n\n\n<p><strong>\u00a7 1. Name, Sitz und T\u00e4tigkeitsbereich<br><\/strong>1) Der Verein f\u00fchrt den Namen: \u201eFreunde der<br>Vienna Bilingual Schooling Wien 22\u201c.<br>2) Er hat seinen Sitz in Wien und erstreckt seine<br>T\u00e4tigkeit auf das Gebiet des Bundeslandes Wien.<\/p>\n\n\n\n<p><strong>\u00a7 2. Zweck<\/strong><br>Der Verein, dessen T\u00e4tigkeit nicht auf Gewinn<br>gerichtet ist, bezweckt mit Hilfe der freiwilligen<br>Bem\u00fchungen und durch Zusammenarbeit der Eltern<br>und Lehrer (siehe \u00a7 4.1) die Unterst\u00fctzung und<br>F\u00f6rderung des bilingualen schulischen Angebotes<br>und schulischer kultureller Aktivit\u00e4ten am Bundes-<br>gymnasium und Bundesrealgymnasium Wien 22,<br>Theodor Kramer-Stra\u00dfe 3, im folgenden kurz AHS<br>Theodor Kramer-Stra\u00dfe genannt.<br><\/p>\n\n\n\n<p><strong>\u00a7 3. Mittel zur Erreichung des Vereinszweckes<br><\/strong>1) Der Vereinszweck soll durch die in Abs. 2 und 3<br>angef\u00fchrten ideellen und materiellen Mittel erreicht<br>werden.<br>2) Als ideelle Mittel dienen:<br>a) Herausgabe von Druckschriften<br>b) Gesellige Zusammenk\u00fcnfte<br>3) Materielle Mittel werden aufgebracht durch:<br>a) Mitgliedsbeitr\u00e4ge der ordentlichen und<br>au\u00dferordentlichen Mitglieder<br>b) Spenden von Privaten und Firmen<br>(Sponsoring, Inserate in den Druckschriften)<br>c) Ertr\u00e4ge aus Veranstaltungen<br>d) Ertr\u00e4ge aus vereinseigenen Unternehmungen<br>e) Sonstige Zuwendungen<br><\/p>\n\n\n\n<p><strong>\u00a7 4. Arten der Mitgliedschaft<br><\/strong>1) Ordentliche Mitglieder k\u00f6nnen nur<br>Erziehungsberechtigte der Sch\u00fclerInnen der AHS<br>Theodor Kramer-Strasse, die die bilingualen<br>Klassen besuchen und die in den bilingualen<br>Klassen unterrichtenden Lehrpersonen sein.<br>Letztere k\u00f6nnen, m\u00fcssen aber nicht Mitglieder sein.<br>2) Au\u00dferordentliche Mitglieder k\u00f6nnen alle anderen<br>physischen und juridischen Personen sein.<br>Unterschied zwischen zahlenden und nicht-<br>zahlenden Mitgliedern:<br>Lehrpersonen, die im laufenden Schuljhr in einer<br>bilingualen Klasse unterrichten, k\u00f6nnen nicht-<br>zahlende Mitglieder sein.<br>Finanzielle Entscheidungen werden allein von den<br>zahlenden Mitgliedern getroffen.<br>3) Ordentliche Mitglieder sind Eltern und<br>Lehrpersonen wie oben definiert.<br>4) Die au\u00dferordentliche Mitgliedschaft steht allen<br>offen.<\/p>\n\n\n\n<p><br><strong>\u00a7 5. Erwerb der Mitgliedschaft<br><\/strong>1) Mitglieder des Vereins k\u00f6nnen alle physischen<br>Personen durch Ausf\u00fcllen einer Beitrittserkl\u00e4rung<br>werden oder durch Zahlung des Mitgliedsbeitrages.<br>2) \u00dcber die Aufnahme von ordentlichen und<br>au\u00dferordentlichen Mitgliedern entscheidet der<br>Vorstand endg\u00fcltig. Die Aufnahme kann ohne<br>Angabe von Gr\u00fcnden verweigert werden.<br>3) Die Entscheidung \u00fcber die Aufnhame von<br>ordentlichen und au\u00dferordentlichen Mitgliedern<br>obliegt dem Vereinsvorstand.<\/p>\n\n\n\n<p><strong>\u00a7 6. Beendigung der Mitgliedschaft<\/strong><br>1) Die ordentliche Mitgliedschaft erlischt durch<br>Austritt des Kindes \/ der Kinder der Mitglieder aus<br>den bilingualen Klassen der AHS Theodor Kramer-<br>Stra\u00dfe bzw. durch die Beendigung der<br>Lehrverpflichtung in einer oder mehreren bilingualen<br>Klasse\/n.<br>2) Die au\u00dferordentliche Mitgliedschaft erlischt durch<br>Tod, durch freiwilligen Austritt, durch Streichung<br>und durch Ausschluss.<br>3) Der Austritt au\u00dferordentlicher Mitglieder kann<br>jederzeit erfolgen. Er muss dem Vorstand<br>mindestens einen Monat vorher mitgeteilt werden.<\/p>\n\n\n\n<p>Erfolgt die Anzeige versp\u00e4tet, so ist sie erst zum<br>n\u00e4chsten Austrittstermin wirksam.<\/p>\n\n\n\n<p>4) Der Ausschluss eines Mitgliedes kann vom<br>Vorstand wegen grober Verletzung der Mitglieder-<br>pflichten und wegen unehrenhaften Verhaltens<br>verf\u00fcgt werden.<\/p>\n\n\n\n<p><strong>\u00a7 7. Rechte und Pflichten der Mitglieder<\/strong><br>1) Die Mitglieder sind berechtigt, an allen<br>Veranstaltungen des Vereines teilzunehmen und<br>die Einrichtungen des Vereines zu beanspruchen.<br>Sie haben das Stimmrecht in der General-<br>versammlung. Alle Mitglieder haben das aktive<br>Wahlrecht, nur die ordentlichen Mitglieder haben<br>auch das passive Wahlrecht.<br>2) Die Mitglieder sind verpflichtet, die Interessen<br>des Vereines nach Kr\u00e4ften zu f\u00f6rdern und alles zu<br>unterlassen, wodurch das Ansehen und der Zweck<br>des Vereins Abbruch erleiden k\u00f6nnte. Sie haben<br>die Vereinsstatuten und die Beschl\u00fcsse der<br>Vereinsorgane zu beachten.<br>3) Die ordentlichen Mitglieder sind zur Zahlung des<br>Mitgliedsbeitrages verpflichtet (\u00a7 9). Die Zahlung<br>des Mitgliedsbeitrages kann durch ma\u00dfgeblich<br>ideelle Beitr\u00e4ge erfolgen. Der Unterricht in<br>bilingualen Klassen gilt in jedem Fall als ideeller<br>Beitrag. \u00dcber andere ideelle Beitr\u00e4ge kann der<br>Vorstand in eigenem Ermessen entscheiden.<br>4) Lehrpersonen, die im laufenden Schuljahr in<br>einer bilingualen Klasse unterrichten, k\u00f6nnen nicht-<br>zahlende Mitglieder sein. Der Unterricht in<br>bilingualen Klassen gilt in jedem Fall als ideeller<br>Beitrag.<br>5) \u00dcber andere ideelle Beitr\u00e4ge kann der Vorstand<br>in eigenem Ermessen entscheiden.<br>6) Finanzielle Entscheidungen werden allein von<br>den zahlenden Mitgliedern getroffen.<\/p>\n\n\n\n<p><strong>\u00a7 8. Vereinsorgane<\/strong><br>Organe des Vereines sind die Generalversammlung<br>(\u00a7\u00a7 9 und 10), der Vorstand (\u00a7\u00a7 11 bis 13), die<br>Rechnungspr\u00fcferInnen (\u00a7 14) und das<br>Schiedsgericht (\u00a7 15).<\/p>\n\n\n\n<p><br><strong>\u00a7 9. Die Generalversammlung<\/strong><br>1) Die ordentliche Generalversammlung findet<br>allj\u00e4hrlich innerhalb von drei Monaten nach Beginn<br>des Schuljahres statt. Entscheidungen werden<br>au\u00dfer in Sonderf\u00e4llen, die in den Statuten definiert<br>sind, mit einfacher Stimmenmehrheit getroffen.<br>2) Eine au\u00dferordentliche Generalversammlung hat<br>auf Beschluss des Vorstandes oder der ordent-<br>lichen Generalversammlung auf schriftlich<br>begr\u00fcndeten Antrag von mindestens einem Zehntel<br>der Mitglieder oder auf Verlangen der Rechnungs-<br>pr\u00fcferInnen binnen 4 Wochen stattzufinden.<br>3) Sowohl zu den ordentlichen wie auch zu den<br>au\u00dferordentlichen Generalversammlungen sind alle<br>Mitglieder mindestens 2 Wochen vor dem Termin<br>schriftlich einzuladen. Die Anberaumung der<br>Generalversammlung hat unter Angabe der<br>Tagesordnung zu erfolgen. Die Einberufung<br>einschlie\u00dflich Information und Instruktionen<br>bez\u00fcglich der Wahlregeln (Abs 6, 7 and 8) erfolgt<br>durch den Vorstand.<br>4) Antr\u00e4ge zur Generalversammlung sind<br>mindestens 7 Tage vor dem Termin der<br>Generalversammlung beim Vorstand schriftlich<br>einzureichen.<br>5) G\u00fcltige Beschl\u00fcsse \u2013 ausgenommen solche \u00fcber<br>einen Antrag auf Einberufung einer au\u00dfer-<br>ordentlichen Generalversammlung \u2013 k\u00f6nnen nur zur<br>Tagesordnung gefasst werden.<br>6) Bei der Generalversammlung sind alle Mitglieder<br>teilnahms- und stimmberechtigt.<br>7) Die Generalversammlung ist bei Anwesenheit der<br>H\u00e4lfte der stimmberechtigten Mitglieder beschluss-<br>f\u00e4hig. Ist die Generalversammlung zur festgesetzten<br>Stunde nicht beschlussf\u00e4hig, so findet die<br>Generalversammlung 30 Minuten sp\u00e4ter mit<br>derselben Tagesordnung statt, die ohne R\u00fccksicht<br>auf die Anzahl der Erschienenen beschlussf\u00e4hig ist.<br>8) Die Wahlen und die Beschlussfassung in der<br>Generalversammlung erfolgen in der Regel mit<br>einfacher Stimmenmehrheit. Beschl\u00fcsse, mit denen<br>die Statuten des Vereines ge\u00e4ndert oder der Verein<br>aufgel\u00f6st werden soll, bed\u00fcrfen jedoch einer<br>qualifizierten Mehrheit von zwei Dritteln der abge-<br>gebenen g\u00fcltigen Stimmen.<br>9) Den Vorsitz in der Generalversammlung f\u00fchrt der<br>Obmann\/die Obfrau, in dessen\/deren Verhinderung<br>der\/die vom restlichen Vorstand mit ein-facher<br>Mehrheit bestimmte StellvertreterIn. Wenn auch<br>diese\/dieser verhindert ist, so f\u00fchrt das an Jahren<br>\u00e4lteste anwesende Vorstandsmitglied den Vorsitz.<br><\/p>\n\n\n\n<p><strong>\u00a7 10. Aufgaben der Generalversammlung<\/strong><br>1) Entgegennahme und Genehmigung des<br>Rechenschaftsberichtes und des Rechnungs-<br>abschlusses.<br>2) Beschlussfassung \u00fcber den Voranschlag.<br>3) Bestellung und Enthebung der Mitglieder des<br>Vorstandes und der Rechnungspr\u00fcferInnen.<br>4) Beschlussfassung \u00fcber Statuten\u00e4nderungen und<br>die freiwillige Aufl\u00f6sung des Vereines.<br>5) Beratung und Beschlussfassung \u00fcber sonstige<br>auf der Tagesordnung stehende Fragen.<br>6) Beschlussfassung \u00fcber die H\u00f6he des Mitglieds-<br>beitrages der ordentlichen Mitglieder.<\/p>\n\n\n\n<p><strong>\u00a7 11. Der Vorstand<\/strong><br>1) Der Vorstand besteht aus 6 Mtigliedern, und zwar<br>aus dem Obmann\/der Obfrau, dem\/der<br>Schriftf\u00fchrerIn, dem\/der KassierIn und deren<br>jeweiligen Stellvertretern.<br>2) Der Vorstand, der von der Generalversammlung<br>gew\u00e4hlt wird, hat bei Ausscheiden eines gew\u00e4hlten<br>Mitgliedes das Recht, an seine Stelle ein anderes<br>w\u00e4hlbares Mitglied zu kooptieren, wozu die nach-<br>tr\u00e4gliche Genehmigung in der n\u00e4chstfolgenden<br>Generalversammlung einzuholen ist.<br>3) Die Funktionsdauer des Vorstandes betr\u00e4gt ein<br>Jahr. Auf jeden Fall w\u00e4hrt sie bis zur Wahl eines<br>neuen Vorstandes. Ausgeschiedene Vorstands-<br>mitglieder sind wieder w\u00e4hlbar.<br>4) Der Vorstand wird vom Obmann\/von der Obfrau,<br>in dessen\/deren Verhinderung von seinem\/seiner<br>StellvertreterIn, schriftlich oder m\u00fcndlich einberufen.<br>5) Der Vorstand ist beschlussf\u00e4hig, wenn alle seine<br>Mitglieder einberufen wurden und mindestens die<br>H\u00e4lfte von ihnen anwesend ist.<br>6) Der Vorstand fasst seine Beschl\u00fcsse mit<br>einfacher Stimmenmehrheit; bei Stimmengleichheit<br>gibt die Stimme des\/der Vorsitzenden den<br>Ausschlag.<br>7) Den Vorsitz f\u00fchrt der Obmann\/die Obfrau, bei<br>Verhinderung dessen\/deren Stellvertreter\/in. Ist<br>auch diese\/r verhindert, obliegt der Vorsitz dem an<br>Jahren \u00e4ltesten anwesenden Vorstandsmitglied.<br>8) Au\u00dfer durch Tod und Ablauf der Funktions-<br>periode (Abs. 3) erlischt die Funktion eines<br>Vorstandsmitgliedes durch Enthebung (Abs. 9) oder<br>R\u00fccktritt (Abs. 10).<br>9) Die Generalversammlung kann jederzeit den<br>gesamten Vorstand oder einzelne seiner Mitglieder<br>entheben.<br>Die Vorstandsmitglieder k\u00f6nnen jederzeit schriftlich<br>ihren R\u00fccktritt erkl\u00e4ren. Die R\u00fccktrittserkl\u00e4rung ist<br>an den Vorstand zu richten. Der geplante R\u00fccktritt<br>des gesamten Vorstandes resultiert automatisch in<br>der Einberufung einer au\u00dferordentlichen<br>Generalversammlung, um \u00fcber die Selbstaufl\u00f6sung<br>des Vereines (\u00a716) oder die Wahl eines neuen<br>Vorstandes zu entscheiden (\u00a710).<br>11) Die ordentlichen zahlenden Mitglieder<br>(Erziehungsberechtigte) m\u00fcssen die Mehrheit im<br>Vorstand bilden. Die ordentlichen Nicht-zahlende<br>Mitglieder (Lehrpersonen) k\u00f6nnen jede Funktion<br>au\u00dfer die des Obmannes \/ der Obfrau und des<br>Kassiers \/ der Kassiererin bekleiden.<\/p>\n\n\n\n<p><br><strong>\u00a7 12. Aufgaben des Vorstandes<br><\/strong>Dem Vorstand obliegt die Leitung des Vereines.<br>Ihm kommen alle Aufgaben zu, die nicht durch die<br>Statuten einem anderen Vereinsorgan zugewiesen<br>sind. In seinen Wirkungsbereich fallen insbesondere<br>folgende Aufgaben:<br>1) Die Gesch\u00e4fte im Interesse der Vereinszwecke<br>zu f\u00fchren.<br>2) Erstellung des Jahresvoranschlages sowie<br>Abfassung des Rechenschaftsberichtes und des<br>Rechnungsabschlusses.<br>3) Vorbereitung der Generalversammlung.<br>4) Einberufung der ordentlichen und der<br>au\u00dferordentlichen Generalversammlung.<\/p>\n\n\n\n<p><strong>\u00a7 13. Die Rechnungspr\u00fcferInnen<br><\/strong>1) Die zwei Rechnungspr\u00fcferInnen werden von der<br>Generalversammlung auf die Dauer von einem Jahr<br>gew\u00e4hlt. Eine Wiederwahl ist m\u00f6glich.<br>2) Den Rechnungspr\u00fcferInnen obliegt die laufende<br>Gesch\u00e4ftskontrolle und die \u00dcberpr\u00fcfung des<br>Rechnungsabschlusses. Sie haben der General-<br>versammlung \u00fcber das Ergebnis der \u00dcberpr\u00fcfung<br>zu berichten.<br>3) Im \u00dcbrigen gelten f\u00fcr die Rechnungspr\u00fcferInnen<br>die Bestimmungen des \u00a7 11 Abs. 3, 8, 9 und 10<br>sinngem\u00e4\u00df.<\/p>\n\n\n\n<p><strong>\u00a7 14. Das Schiedsgericht<br><\/strong>1) Zur Schlichtung von allen aus dem Vereins-<br>verh\u00e4ltnis entstehenden Streitigkeiten ist das<br>vereinsinterne Schiedsgericht berufen. Es ist eine<br>\u201eSchlichtungseinrichtung\u201c im Sinne des Vereins-<br>gesetzes 2002 und kein Schiedsgericht nach den<br>\u00a7\u00a7 577 ff ZPO. Streitigkeiten, die die Einberufung<br>der \u201eSchlichtungseinrichtung\u201c notwendig machen,<br>m\u00fcssen den Mitgliedern so schnell wie m\u00f6glich,<br>jedoch auf jeden Fall vor der m\u00f6glichen Aufl\u00f6sung<br>des Vorstandes (\u00a79, \u00a7 11 and \u00a716) mitgeteilt<br>werden.<br>2) Das Schiedsgericht setzt sich aus drei<br>ordentlichen Vereinsmitgliedern zusammen. Es wird<br>derart gebildet, dass ein Streitteil dem Vorstand ein<br>Mitglied als Schiedsrichter schriftlich namhaft<br>macht. \u00dcber Aufforderung durch den Vorstand<br>binnen sieben Tagen macht der andere Streitteil<br>innerhalb von 14 Tagen seinerseits ein Mitglied des<br>Schiedsgerichtes namhaft. Nach Verst\u00e4ndigung<br>durch den Vorstand innerhalb von sieben Tagen<br>w\u00e4hlen die namhaft gemachten Schiedsrichter<br>binnen weiterer 14 Tagen ein drittes ordentliches<br>Mitglied zum\/zur Vorsitzenden des Schiedsgerichts.<br>Bei Stimmengleichheit entscheidet unter den<br>Vorgeschlagenen das Los. Die Mitglieder des<br>Schiedsgerichts d\u00fcrfen keinem Organ \u2013 mit<br>Ausnahme der Generalversammlung \u2013 angeh\u00f6ren,<br>dessen T\u00e4tigkeit Gegenstand der Streitigkeit ist.<br>3) Das Schiedsgericht f\u00e4llt seine Entscheidung nach<br>Gew\u00e4hrung beiderseitigen Geh\u00f6rs bei Anwesenheit<br>aller seiner Mitglieder mit einfacher<br>Stimmenmehrheit. Es entscheidet nach bestem<br>Wissen und Gewissen. Seine Entscheidungen sind<br>vereinsintern endg\u00fcltig.<\/p>\n\n\n\n<p><strong>\u00a7 15. Aufl\u00f6sung des Vereines<br><\/strong>1) Die freiwillige Aufl\u00f6sung des Vereines kann nur in<br>einer zu diesem Zweck einberufenen au\u00dfer-<br>ordentlichen Generalversammlung und nur mit<br>Zweidrittelmehrheit der abgegebenen g\u00fcltigen<br>Stimmen beschlossen werden.<br>2) Der letzte Vereinsvorstand hat die freiwillige<br>Aufl\u00f6sung der Vereinsbeh\u00f6rde schriftlich<br>anzuzeigen und ist verpflichtet, die freiwillige<br>Aufl\u00f6sung in einem amtlichen Blatt zu verlautbaren.<br>3) Das im Falle der Aufl\u00f6sung oder bei Wegfall des<br>beg\u00fcnstigten Vereinszweckes allenfalls vorhandene<br>Vereinsverm\u00f6gen darf in keiner wie auch immer<br>gearteten Form den Vereinsmitgliedern<br>zugutekommen, sondern ist ausschlie\u00dflich und zur<br>G\u00e4nze dem Elternverein der Schule zu \u00fcbergeben.<\/p>\n","protected":false},"excerpt":{"rendered":"<p>STATUTEN des Vereines \u201eFreunde der Vienna Bilingual Schooling Wien 22\u201d \u00a7 1. Name, Sitz und T\u00e4tigkeitsbereich1) Der Verein f\u00fchrt den Namen: \u201eFreunde derVienna Bilingual Schooling Wien 22\u201c.2) Er hat seinen Sitz in Wien und erstreckt seineT\u00e4tigkeit auf das Gebiet des Bundeslandes Wien. \u00a7 2. ZweckDer Verein, dessen T\u00e4tigkeit nicht auf Gewinngerichtet ist, bezweckt mit Hilfe &hellip; <a href=\"https:\/\/www.vbstk.com\/?page_id=101638\">Continue reading <span class=\"meta-nav\">&rarr;<\/span><\/a><\/p>\n","protected":false},"author":1,"featured_media":0,"parent":0,"menu_order":0,"comment_status":"closed","ping_status":"closed","template":"","meta":[],"_links":{"self":[{"href":"https:\/\/www.vbstk.com\/index.php?rest_route=\/wp\/v2\/pages\/101638"}],"collection":[{"href":"https:\/\/www.vbstk.com\/index.php?rest_route=\/wp\/v2\/pages"}],"about":[{"href":"https:\/\/www.vbstk.com\/index.php?rest_route=\/wp\/v2\/types\/page"}],"author":[{"embeddable":true,"href":"https:\/\/www.vbstk.com\/index.php?rest_route=\/wp\/v2\/users\/1"}],"replies":[{"embeddable":true,"href":"https:\/\/www.vbstk.com\/index.php?rest_route=%2Fwp%2Fv2%2Fcomments&post=101638"}],"version-history":[{"count":1,"href":"https:\/\/www.vbstk.com\/index.php?rest_route=\/wp\/v2\/pages\/101638\/revisions"}],"predecessor-version":[{"id":101639,"href":"https:\/\/www.vbstk.com\/index.php?rest_route=\/wp\/v2\/pages\/101638\/revisions\/101639"}],"wp:attachment":[{"href":"https:\/\/www.vbstk.com\/index.php?rest_route=%2Fwp%2Fv2%2Fmedia&parent=101638"}],"curies":[{"name":"wp","href":"https:\/\/api.w.org\/{rel}","templated":true}]}}